{"id":3233,"date":"2024-08-19T15:32:48","date_gmt":"2024-08-19T13:32:48","guid":{"rendered":"https:\/\/app.semtix.eu\/?page_id=3233"},"modified":"2025-08-06T14:10:31","modified_gmt":"2025-08-06T12:10:31","slug":"cookies","status":"publish","type":"page","link":"https:\/\/www.lenam.cz\/de\/cookies\/","title":{"rendered":"Cookies"},"content":{"rendered":"<h1><strong>Cookie-Erkl\u00e4rung und Opt-out<\/strong><\/h1>\n<p>Weitere Informationen zur Verarbeitung Ihrer personenbezogenen Daten finden Sie in unserer <strong><a href=\"https:\/\/www.lenam.cz\/de\/gdpr\/\">Datenschutzerkl\u00e4rung<\/a><\/strong>.<\/p>\n<p><strong>Was sind Cookies?<\/strong><\/p>\n<p>Cookies sind kleine Dateien, die es den von Ihnen besuchten Websites erm\u00f6glichen, Ihre Aktionen und Einstellungen zu speichern. Bei jedem Besuch der Website sendet Ihr Browser die darin gespeicherten Daten an den Server zur\u00fcck. Diese kleine Datei wird als \u201eCookie\u201c bezeichnet und ist eine kurze Textdatei, die eine bestimmte Zeichenfolge mit eindeutigen Informationen enth\u00e4lt. Wir verwenden Cookies, um die Qualit\u00e4t unserer Dienste zu gew\u00e4hrleisten und die Nutzung unserer Website besser zu verstehen. Deshalb speichern wir Nutzerpr\u00e4ferenzen in Cookies und nutzen diese, um Nutzertrends sowie das Verhalten und Surfverhalten der Nutzer auf unserer Website zu verfolgen. Cookies stellen keine Bedrohung dar, sind aber wichtig f\u00fcr den Datenschutz. Cookies k\u00f6nnen nicht verwendet werden, um Website-Besucher zu identifizieren oder Anmeldedaten zu missbrauchen.<\/p>\n<p><strong>Welche Cookies verwenden wir?<\/strong><\/p>\n<p>Unsere Websites verwenden ausschlie\u00dflich Erstanbieter-Cookies, d. h. Cookies, die ausschlie\u00dflich von unseren Websites verwendet werden (nachfolgend Erstanbieter-Cookies genannt), sowie Drittanbieter-Cookies (d. h. Cookies, die von Websites Dritter stammen). Erstanbieter-Cookies speichern wir, um Nutzerpr\u00e4ferenzen und Daten zu speichern, die w\u00e4hrend Ihres Besuchs auf der Website ben\u00f6tigt werden, z. B. f\u00fcr die Verfolgung anonymer Statistiken, die Teilnahme an Umfragen, den Wechsel von Mobilger\u00e4ten zur PC-Version der Website und die Anmeldung als registrierter Nutzer. Drittanbieter-Cookies verwenden wir, um Nutzertrends und Verhaltensmuster zu verfolgen und mithilfe von Drittanbietern \u2013 Webstatistikanbietern \u2013 zielgerichtete Werbung zu schalten. Drittanbieter-Cookies zur Verfolgung von Trends und Verhaltensmustern werden nur von unseren Websites und dem Webstatistikanbieter verwendet und nicht an Dritte weitergegeben.<\/p>\n<p><strong>Einwilligung zur Speicherung von Cookies<\/strong><\/p>\n<p>Die meisten Browser akzeptieren Cookies automatisch, sofern Ihr Browser nicht anders eingestellt ist. Durch die Nutzung dieser Website stimmen Sie der Speicherung von Cookies zu.<\/p>\n<p><strong>Was tun, wenn Sie der Verwendung von Cookies nicht zustimmen?<\/strong><\/p>\n<p>Sie k\u00f6nnen die Verwendung von Cookies in Ihren Browsereinstellungen einschr\u00e4nken oder blockieren. Informationen zu den Einstellungen Ihres Browsers finden Sie unter folgenden Adressen:<\/p>\n<ul>\n<li>Internet Explorer:\u00a0<a href=\"http:\/\/windows.microsoft.com\/\" target=\"_blank\" rel=\"noopener\">windows.microsoft.com<\/a><\/li>\n<li>Google Chrome:\u00a0<a href=\"http:\/\/support.google.com\/\" target=\"_blank\" rel=\"noopener\">support.google.com<\/a><\/li>\n<li>Mozilla Firefox:\u00a0<a href=\"http:\/\/support.mozilla.org\/\" target=\"_blank\" rel=\"noopener\">support.mozilla.org<\/a><\/li>\n<li>Opera:\u00a0<a href=\"http:\/\/help.opera.com\/\" target=\"_blank\" rel=\"noopener\">help.opera.com<\/a><\/li>\n<\/ul>\n","protected":false},"excerpt":{"rendered":"<p>Cookie-Erkl\u00e4rung und Opt-out Weitere Informationen zur Verarbeitung Ihrer personenbezogenen Daten finden Sie in unserer Datenschutzerkl\u00e4rung. Was sind Cookies? Cookies sind kleine Dateien, die es den von Ihnen besuchten Websites erm\u00f6glichen, Ihre Aktionen und Einstellungen zu speichern. Bei jedem Besuch der Website sendet Ihr Browser die darin gespeicherten Daten an den Server zur\u00fcck. Diese kleine Datei wird als \u201eCookie\u201c bezeichnet und ist eine kurze Textdatei, die eine bestimmte Zeichenfolge mit eindeutigen<span class=\"excerpt-hellip\"> [\u2026]<\/span><\/p>\n","protected":false},"author":2,"featured_media":-1,"parent":0,"menu_order":0,"comment_status":"closed","ping_status":"closed","template":"","meta":{"_acf_changed":false,"footnotes":""},"class_list":["post-3233","page","type-page","status-publish","has-post-thumbnail","hentry"],"acf":[],"_links":{"self":[{"href":"https:\/\/www.lenam.cz\/de\/wp-json\/wp\/v2\/pages\/3233","targetHints":{"allow":["GET"]}}],"collection":[{"href":"https:\/\/www.lenam.cz\/de\/wp-json\/wp\/v2\/pages"}],"about":[{"href":"https:\/\/www.lenam.cz\/de\/wp-json\/wp\/v2\/types\/page"}],"author":[{"embeddable":true,"href":"https:\/\/www.lenam.cz\/de\/wp-json\/wp\/v2\/users\/2"}],"replies":[{"embeddable":true,"href":"https:\/\/www.lenam.cz\/de\/wp-json\/wp\/v2\/comments?post=3233"}],"version-history":[{"count":2,"href":"https:\/\/www.lenam.cz\/de\/wp-json\/wp\/v2\/pages\/3233\/revisions"}],"predecessor-version":[{"id":3317,"href":"https:\/\/www.lenam.cz\/de\/wp-json\/wp\/v2\/pages\/3233\/revisions\/3317"}],"wp:featuredmedia":[{"embeddable":true,"href":"https:\/\/www.lenam.cz\/de\/wp-json\/"}],"wp:attachment":[{"href":"https:\/\/www.lenam.cz\/de\/wp-json\/wp\/v2\/media?parent=3233"}],"curies":[{"name":"wp","href":"https:\/\/api.w.org\/{rel}","templated":true}]}}