{"id":3237,"date":"2024-08-19T15:31:42","date_gmt":"2024-08-19T13:31:42","guid":{"rendered":"https:\/\/app.semtix.eu\/?page_id=3237"},"modified":"2025-08-06T14:11:26","modified_gmt":"2025-08-06T12:11:26","slug":"gdpr","status":"publish","type":"page","link":"https:\/\/www.lenam.cz\/de\/gdpr\/","title":{"rendered":"GDPR"},"content":{"rendered":"<div>\n<h1>GDPR<\/h1>\n<\/div>\n<div class=\"social\">Diese Datenschutzbestimmungen gelten f\u00fcr <strong>die Website appcz.eu (nachfolgend \u201eUnternehmen\u201c genannt).<\/strong><\/div>\n<p><strong>Informationen zur Verarbeitung personenbezogener Daten<\/strong><\/p>\n<p><strong>Das Unternehmen <b>AUREL CZ s.r.o.<\/b><\/strong> verpflichtet sich zum Schutz der von Ihnen bereitgestellten personenbezogenen Daten. Wir verarbeiten Ihre personenbezogenen Daten verantwortungsvoll, transparent und gem\u00e4\u00df der Verordnung (EU) 2016\/679 des Europ\u00e4ischen Parlaments und des Rates. Sie haben das Recht, Auskunft \u00fcber Ihre gespeicherten personenbezogenen Daten sowie deren Berichtigung oder L\u00f6schung zu verlangen, sofern dies auf Ihrer Einwilligung beruht. Im Falle einer automatisierten Datenverarbeitung haben Sie das Recht auf Daten\u00fcbertragbarkeit und darauf, nicht Gegenstand einer ausschlie\u00dflich auf dieser Entscheidung beruhenden Entscheidung zu sein. Bei Fragen und Anliegen zur Verarbeitung Ihrer personenbezogenen Daten k\u00f6nnen Sie sich schriftlich an unseren Firmensitz wenden.<\/p>\n<p><strong>Schutz Ihrer personenbezogenen Daten<\/strong><\/p>\n<p><strong>Das Unternehmen<\/strong> gew\u00e4hrleistet die Sicherheit der von Ihnen bereitgestellten personenbezogenen Daten. Unbefugte haben keinen Zugriff auf Ihre personenbezogenen Daten, die wir von Ihnen erhalten haben, und wir geben diese ohne Ihre Einwilligung nicht zur weiteren Verarbeitung an Dritte weiter, es sei denn, dies ist gesetzlich vorgeschrieben oder dient dem Schutz unserer rechtlichen Interessen.<\/p>\n<p><strong>Auskunftsrecht<\/strong><\/p>\n<p>Sie haben das Recht, vom <strong>Unternehmen<\/strong> Auskunft dar\u00fcber zu verlangen, welche personenbezogenen Daten wir \u00fcber Sie verarbeiten, in welchem Umfang und zu welchem Zweck. Wir stellen Ihnen diese Auskunft innerhalb von h\u00f6chstens 30 Tagen, in Ausnahmef\u00e4llen innerhalb von h\u00f6chstens 90 Tagen, kostenlos zur Verf\u00fcgung. \u00dcber eine Fristverl\u00e4ngerung in Ausnahmef\u00e4llen informieren wir Sie rechtzeitig. Wenn Sie die Auskunft \u00fcber die von uns \u00fcber Sie gespeicherten Daten beantragen, m\u00fcssen wir zun\u00e4chst \u00fcberpr\u00fcfen, ob Sie tats\u00e4chlich die Person sind, der diese Daten geh\u00f6ren. Bitte geben Sie daher in Ihrer Anfrage ausreichende Identifikationsnachweise an. Gegebenenfalls sind wir berechtigt, zus\u00e4tzliche Informationen zu Ihrer Identit\u00e4t anzufordern, bevor wir Ihnen die von uns \u00fcber Sie verarbeiteten personenbezogenen Daten zur Verf\u00fcgung stellen. Wir sind berechtigt, Anfragen nach unbegr\u00fcndeten oder \u00fcberm\u00e4\u00dfig wiederholten Informationen oder nach Informationen, deren Beschaffung einen unverh\u00e4ltnism\u00e4\u00dfigen Aufwand erfordern w\u00fcrde oder die schwer zu beschaffen w\u00e4ren (typischerweise aus Backups, Archiven usw.), angemessen abzulehnen.<\/p>\n<p><strong>Recht auf Daten\u00fcbertragbarkeit<\/strong><\/p>\n<p>Sie haben das Recht, die von uns \u00fcber Sie gespeicherten personenbezogenen Daten in einem strukturierten, g\u00e4ngigen und maschinenlesbaren Format zu erhalten. Auf Anfrage k\u00f6nnen diese Daten an einen anderen Verantwortlichen \u00fcbermittelt werden.<\/p>\n<p><strong>Datenaktualisierung, Recht auf Berichtigung<\/strong><\/p>\n<p>Da sich personenbezogene Daten im Laufe der Zeit \u00e4ndern k\u00f6nnen (z. B. \u00c4nderung des Nachnamens), w\u00fcrden wir uns freuen, wenn Sie uns \u00fcber \u00c4nderungen Ihrer personenbezogenen Daten informieren, damit wir diese aktuell halten und Fehler vermeiden k\u00f6nnen. Die Bereitstellung von Informationen \u00fcber Daten\u00e4nderungen ist f\u00fcr uns unerl\u00e4sslich, um unsere Aufgaben als Verantwortlicher ordnungsgem\u00e4\u00df erf\u00fcllen zu k\u00f6nnen. Dies umfasst auch Ihr Recht auf Berichtigung der von uns \u00fcber Sie gespeicherten personenbezogenen Daten. Sollten Sie feststellen, dass unsere Daten nicht mehr aktuell sind, haben Sie das Recht, deren Berichtigung zu verlangen. Sie k\u00f6nnen Ihre Daten \u00fcberpr\u00fcfen und\/oder \u00e4ndern, indem Sie sich auf dieser Website anmelden. Bei Unsicherheiten kontaktieren Sie uns gerne \u00fcber das Kontaktformular.<\/p>\n<p><strong>Einspruch<\/strong><\/p>\n<p>Wenn Sie der Meinung sind, dass wir Ihre personenbezogenen Daten nicht in \u00dcbereinstimmung mit geltendem tschechischem und EU-Recht verarbeiten, haben Sie das Recht, Widerspruch einzulegen. Wir pr\u00fcfen anschlie\u00dfend die Rechtm\u00e4\u00dfigkeit Ihres Antrags. Nach Einlegung des Widerspruchs wird die Verarbeitung Ihrer personenbezogenen Daten eingeschr\u00e4nkt, bis gepr\u00fcft ist, ob der Widerspruch berechtigt ist. Wir informieren Sie dar\u00fcber, dass Sie au\u00dferdem das Recht haben, der Verarbeitung Ihrer personenbezogenen Daten bei der zust\u00e4ndigen Aufsichtsbeh\u00f6rde f\u00fcr den Schutz personenbezogener Daten unter folgender Adresse zu widersprechen: Amt f\u00fcr den Schutz personenbezogener Daten, Pplk. Sochora 27, 170 00 Prag 7.<\/p>\n<p><strong>Recht auf Einschr\u00e4nkung der Verarbeitung<\/strong><\/p>\n<p>Sie haben das Recht, die Verarbeitung Ihrer personenbezogenen Daten einzuschr\u00e4nken, wenn Sie der Meinung sind, dass die so erfassten Daten unrichtig sind oder wir sie unrechtm\u00e4\u00dfig verarbeiten und wir diese Daten f\u00fcr die Zwecke ihrer Verarbeitung nicht mehr ben\u00f6tigen.<\/p>\n<p><strong>Recht auf L\u00f6schung<\/strong><\/p>\n<p>Wenn Sie uns jemals eine Einwilligung zur Verarbeitung Ihrer personenbezogenen Daten erteilt haben, haben Sie das Recht, diese jederzeit zu widerrufen. Wir sind verpflichtet, Daten, die wir ausschlie\u00dflich auf Grundlage Ihrer Einwilligung verarbeiten, zu l\u00f6schen. Das Recht auf L\u00f6schung besteht nicht f\u00fcr Daten, die im Rahmen der Vertragserf\u00fcllung, aus rechtlichen Gr\u00fcnden oder aufgrund berechtigter Interessen verarbeitet werden.<\/p>\n<p><strong>Kontakt<\/strong><\/p>\n<p>Bei Fragen zum Datenschutz erreichen Sie uns auch \u00fcber das Kontaktformular oder die im Impressum angegebene Kontaktadresse.<\/p>\n<p><strong>Kontaktformular<\/strong><\/p>\n<p>Wenn Sie uns \u00fcber das Webformular kontaktieren, speichern wir einige grundlegende Informationen. Dazu geh\u00f6ren:<\/p>\n<p><strong>*<\/strong> Name<br \/>\n<strong>*<\/strong> E-Mail-Adresse<br \/>\n<strong>*<\/strong> Absendezeitpunkt<br \/>\n<strong>*<\/strong> IP-Adresse<\/p>\n<p>Wir ben\u00f6tigen diese Informationen, um mit Ihnen Kontakt aufzunehmen und den Ursprung der Nachricht im Sinne der Verordnung (EU) 2016\/679 des Europ\u00e4ischen Parlaments und des Rates nachzuweisen.<\/p>\n<p><strong>Websites<\/strong><\/p>\n<p>Wenn Sie unsere Websites aufrufen und durchsuchen, verarbeiten wir die folgenden Protokolldateien und speichern sie auf unseren Servern. Zu den gespeicherten Informationen geh\u00f6ren:<\/p>\n<ul>\n<li>Ihre IP-Adresse<\/li>\n<li>Uhrzeit Ihres Besuchs<\/li>\n<li>Aufgerufene Seiten<\/li>\n<li>HTTP-Antwortcode<\/li>\n<li>Ihre Browserkennung<\/li>\n<li>Konvertierungsinformationen (Formularausf\u00fcllung, Bestellung, E-Mail-Klick, Anruf)<\/li>\n<\/ul>\n<p>Wir verarbeiten diese Informationen ausschlie\u00dflich zum Zwecke unserer rechtlichen Absicherung und zur Messung der Website-Performance f\u00fcr maximal 10 Jahre.<\/p>\n","protected":false},"excerpt":{"rendered":"<p>GDPR Diese Datenschutzbestimmungen gelten f\u00fcr die Website appcz.eu (nachfolgend \u201eUnternehmen\u201c genannt). Informationen zur Verarbeitung personenbezogener Daten Das Unternehmen AUREL CZ s.r.o. verpflichtet sich zum Schutz der von Ihnen bereitgestellten personenbezogenen Daten. Wir verarbeiten Ihre personenbezogenen Daten verantwortungsvoll, transparent und gem\u00e4\u00df der Verordnung (EU) 2016\/679 des Europ\u00e4ischen Parlaments und des Rates. Sie haben das Recht, Auskunft \u00fcber Ihre gespeicherten personenbezogenen Daten sowie deren Berichtigung oder L\u00f6schung zu verlangen, sofern dies auf<span class=\"excerpt-hellip\"> [\u2026]<\/span><\/p>\n","protected":false},"author":2,"featured_media":0,"parent":0,"menu_order":0,"comment_status":"closed","ping_status":"closed","template":"","meta":{"_acf_changed":false,"footnotes":""},"class_list":["post-3237","page","type-page","status-publish","hentry"],"acf":[],"_links":{"self":[{"href":"https:\/\/www.lenam.cz\/de\/wp-json\/wp\/v2\/pages\/3237","targetHints":{"allow":["GET"]}}],"collection":[{"href":"https:\/\/www.lenam.cz\/de\/wp-json\/wp\/v2\/pages"}],"about":[{"href":"https:\/\/www.lenam.cz\/de\/wp-json\/wp\/v2\/types\/page"}],"author":[{"embeddable":true,"href":"https:\/\/www.lenam.cz\/de\/wp-json\/wp\/v2\/users\/2"}],"replies":[{"embeddable":true,"href":"https:\/\/www.lenam.cz\/de\/wp-json\/wp\/v2\/comments?post=3237"}],"version-history":[{"count":3,"href":"https:\/\/www.lenam.cz\/de\/wp-json\/wp\/v2\/pages\/3237\/revisions"}],"predecessor-version":[{"id":3320,"href":"https:\/\/www.lenam.cz\/de\/wp-json\/wp\/v2\/pages\/3237\/revisions\/3320"}],"wp:attachment":[{"href":"https:\/\/www.lenam.cz\/de\/wp-json\/wp\/v2\/media?parent=3237"}],"curies":[{"name":"wp","href":"https:\/\/api.w.org\/{rel}","templated":true}]}}